{"id":269,"date":"2022-01-28T22:13:43","date_gmt":"2022-01-28T21:13:43","guid":{"rendered":"http:\/\/smarttechlab.tuke.sk\/wordpress_stl\/index.php\/about-us\/"},"modified":"2025-03-24T10:31:56","modified_gmt":"2025-03-24T09:31:56","slug":"about-us","status":"publish","type":"page","link":"https:\/\/smarttechlab.tuke.sk\/wordpress_stl\/index.php\/about-us\/","title":{"rendered":"About Us"},"content":{"rendered":"\n    \n    <section class=\"u-align-left-lg u-align-left-md u-align-left-sm u-align-left-xs u-clearfix u-section-2\" id=\"sec-d986\">\n      <div class=\"u-clearfix u-sheet u-sheet-1\">\n        <h3 class=\"u-align-center u-text u-text-1\" data-animation-name=\"slideIn\" data-animation-duration=\"1000\" data-animation-direction=\"Down\">SmartTechLab<\/h3>\n        <p class=\"u-align-justify u-custom-font u-heading-font u-text u-text-2\"> The Department of Industrial Engineering and Informatics built the laboratory in 2020. The laboratory is equipped with a Keyence camera system, two integrated robots (collaborative robot ABB Yumi and Scara Robot Mitsubishi), a modern digital microscope with interchangeable lenses and multiple sensors. All measuring systems are integrated into an automated belt line with PLC control, where samples can be measured in an automated cycle. There are two data collection and processing facilities in the laboratory rack cabinets with two powerful servers with cloud storage and reliable data storage and backup via RAID-5. To connect the collaborative robot with the staff, there is a device for mixed (additional) Microsoft Hololens 2 and&nbsp; Meta Quest 3 located here.<\/p>\n      <\/div>\n    <\/section>\n    <section class=\"u-clearfix u-section-3\" id=\"sec-d192\">\n      <div class=\"u-clearfix u-sheet u-sheet-1\">\n        <div class=\"data-layout-selected u-clearfix u-gutter-0 u-layout-spacing-vertical u-layout-wrap u-white u-layout-wrap-1\">\n          <div class=\"u-layout\" style=\"\">\n            <div class=\"u-layout-row\" style=\"\">\n              <div class=\"u-align-left u-container-align-left u-container-style u-layout-cell u-left-cell u-size-32 u-layout-cell-1\">\n                <div class=\"u-container-layout u-valign-top u-container-layout-1\">\n                  <lt-highlighter style=\"display: none; z-index: 1 !important;\">\n                    <lt-div spellcheck=\"false\" class=\"lt-highlighter__wrapper\" style=\"width: 393px; height: 26px; transform: none !important; transform-origin: 196.5px 12.7969px !important; zoom: 1 !important; margin-top: 11px;\">\n                      <lt-div class=\"lt-highlighter__scrollElement\" style=\"top: 0px; left: 0px; width: 393px; height: 25px;\"><\/lt-div>\n                    <\/lt-div>\n                  <\/lt-highlighter>\n                  <p class=\"u-custom-font u-heading-font u-hover-feature u-text u-text-1\" data-animation-name=\"slideIn\" data-animation-duration=\"1000\" data-animation-direction=\"Left\"><b>Development team<\/b>\n                    <br>prof. Ing. J\u00e1n Pite\u013e, PhD.<br>\n                    <span style=\"font-size: 0.875rem;\">Modelling, control and monitoring of machines and processes<\/span>\n                    <br>doc. Ing. Kamil \u017didek, PhD.<br>\n                    <span style=\"font-size: 0.875rem;\"> Digital twin, SMART technologies, mixed and virtual reality, programming<\/span>\n                    <br>Ing. Jozef Hus\u00e1r, PhD.<br>\n                    <span style=\"font-size: 0.875rem;\">Digital twin, mixed and virtual reality<\/span>\n                    <br>Ing. Peter Lazor\u00edk, PhD.<br>\n                    <span style=\"font-size: 0.875rem;\">Activity in the field of Rapid Prototyping by FDM (FFF)<br>\n                    <\/span>Ing. Stella Hrehov\u00e1, PhD.<br>\n                    <span style=\"font-size: 0.875rem;\"> Modelling, control, dataset<\/span>\n                    <br>Ing. Tom\u00e1\u0161 \u010cakurda, PhD.<br>\n                    <span style=\"font-size: 0.875rem;\">SMART technologies and their implementation into the digital twin<br>\n                    <\/span>Ing. \u200bAnastasiia Nazim<br>\n                    <span style=\"font-size: 0.875rem;\"> Mixed and virtual reality, digital twin<\/span>\n                    <br>Ing. Martin Kondr\u00e1t<br>\n                    <span style=\"font-size: 0.75rem;\"><\/span>\n                    <span style=\"font-size: 0.875rem;\">Identification and prediction of tool damage using laser&nbsp;sensors<\/span>\n                    <br>\n                  <\/p>\n                <\/div>\n              <\/div>\n              <div class=\"u-container-style u-image u-layout-cell u-right-cell u-size-28 u-image-1\" src=\"\" data-image-width=\"1284\" data-image-height=\"962\" data-animation-name=\"slideIn\" data-animation-duration=\"1000\" data-animation-direction=\"Right\" style=\"background-image: url(&quot;https:\/\/smarttechlab.tuke.sk\/wordpress_stl\/wp-content\/uploads\/2022\/01\/3-1.jpg&quot;);\">\n                <div class=\"u-container-layout u-container-layout-2\"><\/div>\n              <\/div>\n            <\/div>\n          <\/div>\n        <\/div>\n      <\/div>\n      \n    <\/section>\n    <section class=\"u-clearfix u-section-4\" id=\"sec-8cb0\">\n      <div class=\"u-clearfix u-sheet u-valign-bottom u-sheet-1\">\n        <h3 class=\"u-text u-text-default u-text-1\" data-animation-name=\"fadeIn\" data-animation-duration=\"1500\" data-animation-direction=\"\">Laboratory concept<\/h3>\n        <img data-recalc-dims=\"1\" decoding=\"async\" class=\"u-image u-image-default u-image-1\" src=\"https:\/\/i0.wp.com\/smarttechlab.tuke.sk\/wordpress_stl\/wp-content\/uploads\/2022\/02\/koncept.jpg?w=1140&#038;ssl=1\" alt=\"\" data-image-width=\"1422\" data-image-height=\"837\">\n      <\/div>\n    <\/section>\n    <section class=\"u-clearfix u-section-5\" id=\"sec-bee2\">\n      <div class=\"u-align-left u-clearfix u-sheet u-sheet-1\">\n        <h3 class=\"u-align-center u-text u-text-1\" data-animation-name=\"fadeIn\" data-animation-duration=\"1000\" data-animation-direction=\"\">Control system and all technologies in one network (PROFINET)<\/h3>\n        <img data-recalc-dims=\"1\" decoding=\"async\" class=\"u-align-center u-image u-image-default u-image-1\" src=\"https:\/\/i0.wp.com\/smarttechlab.tuke.sk\/wordpress_stl\/wp-content\/uploads\/2022\/02\/labak1-2.png?w=1140&#038;ssl=1\" alt=\"\" data-image-width=\"1411\" data-image-height=\"559\">\n      <\/div>\n    <\/section>\n    <section class=\"u-clearfix u-section-6\" id=\"sec-4c5b\">\n      <div class=\"u-align-left u-clearfix u-sheet u-sheet-1\">\n        <img data-recalc-dims=\"1\" decoding=\"async\" class=\"u-align-center u-image u-image-default u-image-1\" src=\"https:\/\/i0.wp.com\/smarttechlab.tuke.sk\/wordpress_stl\/wp-content\/uploads\/2022\/02\/tuke_budova-1.png?w=1140&#038;ssl=1\" alt=\"\" data-image-width=\"1429\" data-image-height=\"743\">\n      <\/div>\n    <\/section>\n    <section class=\"u-clearfix u-section-7\" id=\"carousel_a566\">\n      <div class=\"u-clearfix u-sheet u-sheet-1\">\n        <h3 class=\"u-align-center u-text u-text-1\" data-animation-name=\"fadeIn\" data-animation-duration=\"1000\" data-animation-direction=\"\">Department of Industrial Engineering and Informatics<\/h3>\n        <div class=\"u-align-center u-clearfix u-gutter-0 u-layout-spacing-vertical u-layout-wrap u-layout-wrap-1\">\n          <div class=\"u-layout\">\n            <div class=\"u-layout-row\">\n              <div class=\"u-align-left u-container-align-left u-container-style u-layout-cell u-left-cell u-size-32 u-layout-cell-1\">\n                <div class=\"u-container-layout u-valign-middle u-container-layout-1\">\n                  <lt-highlighter style=\"display: none; z-index: 1 !important;\">\n                    <lt-div spellcheck=\"false\" class=\"lt-highlighter__wrapper\" style=\"width: 393px; height: 26px; transform: none !important; transform-origin: 196.5px 12.7969px !important; zoom: 1 !important; margin-top: 11px;\">\n                      <lt-div class=\"lt-highlighter__scrollElement\" style=\"top: 0px; left: 0px; width: 393px; height: 25px;\"><\/lt-div>\n                    <\/lt-div>\n                  <\/lt-highlighter>\n                  <img data-recalc-dims=\"1\" decoding=\"async\" class=\"u-image u-image-default u-image-1\" src=\"https:\/\/i0.wp.com\/smarttechlab.tuke.sk\/wordpress_stl\/wp-content\/uploads\/2022\/02\/katedra.jpg?w=1140&#038;ssl=1\" alt=\"\" data-image-width=\"1207\" data-image-height=\"737\">\n                <\/div>\n              <\/div>\n              <div class=\"u-align-justify u-container-style u-layout-cell u-right-cell u-size-28 u-layout-cell-2\" src=\"\">\n                <div class=\"u-container-layout u-container-layout-2\">\n                  <p class=\"u-custom-font u-heading-font u-text u-text-2\"> After its expansion into the field of informatics, the Department of Industrial Engineering and Informatics is one of the main and stable elements of the Faculty of Production Technologies based in Pre\u0161ov. The main mission of the department is to provide quality education in the field of \"Industrial Management\", \"SMART Technologies\" and \"Intelligent Technologies in Industry\". The professional focus is based on the professional acquisition of management principles in cooperation with knowledge from production, production technologies, informatics, economics, production and distribution logistics, simulation and modeling, which graduates can use and apply in their professional field.<\/p>\n                <\/div>\n              <\/div>\n            <\/div>\n          <\/div>\n        <\/div>\n      <\/div>\n    <\/section>\n    \n    \n    \n    \n  \n","protected":false},"excerpt":{"rendered":"<p>SmartTechLab The Department of Industrial Engineering and Informatics built the laboratory in 2020. The laboratory is equipped with a Keyence camera system, two integrated robots (collaborative robot ABB Yumi and Scara Robot Mitsubishi), a modern digital microscope with interchangeable lenses and multiple sensors. All measuring systems are integrated into an automated belt line with PLC &hellip; <a href=\"https:\/\/smarttechlab.tuke.sk\/wordpress_stl\/index.php\/about-us\/\" class=\"more-link\">Continue reading<span class=\"screen-reader-text\"> &#8220;About Us&#8221;<\/span><\/a><\/p>\n","protected":false},"author":1,"featured_media":0,"parent":0,"menu_order":3,"comment_status":"closed","ping_status":"closed","template":"","meta":{"_monsterinsights_skip_tracking":false,"_monsterinsights_sitenote_active":false,"_monsterinsights_sitenote_note":"","_monsterinsights_sitenote_category":0,"footnotes":""},"class_list":["post-269","page","type-page","status-publish","hentry"],"yoast_head":"<!-- This site is optimized with the Yoast SEO plugin v27.3 - https:\/\/yoast.com\/product\/yoast-seo-wordpress\/ -->\n<title>SmartTechLab<\/title>\n<meta name=\"robots\" content=\"index, follow, max-snippet:-1, max-image-preview:large, max-video-preview:-1\" \/>\n<link rel=\"canonical\" href=\"https:\/\/smarttechlab.tuke.sk\/wordpress_stl\/index.php\/about-us\/\" \/>\n<meta property=\"og:locale\" content=\"en_US\" \/>\n<meta property=\"og:type\" content=\"article\" \/>\n<meta property=\"og:title\" content=\"SmartTechLab\" \/>\n<meta property=\"og:description\" content=\"SmartTechLab The Department of Industrial Engineering and Informatics built the laboratory in 2020. The laboratory is equipped with a Keyence camera system, two integrated robots (collaborative robot ABB Yumi and Scara Robot Mitsubishi), a modern digital microscope with interchangeable lenses and multiple sensors. All measuring systems are integrated into an automated belt line with PLC &hellip; Continue reading &quot;About Us&quot;\" \/>\n<meta property=\"og:url\" content=\"https:\/\/smarttechlab.tuke.sk\/wordpress_stl\/index.php\/about-us\/\" \/>\n<meta property=\"og:site_name\" content=\"SmartTechLab\" \/>\n<meta property=\"article:modified_time\" content=\"2025-03-24T09:31:56+00:00\" \/>\n<meta name=\"twitter:card\" content=\"summary_large_image\" \/>\n<meta name=\"twitter:label1\" content=\"Est. reading time\" \/>\n\t<meta name=\"twitter:data1\" content=\"2 minutes\" \/>\n<script type=\"application\/ld+json\" class=\"yoast-schema-graph\">{\"@context\":\"https:\\\/\\\/schema.org\",\"@graph\":[{\"@type\":\"WebPage\",\"@id\":\"https:\\\/\\\/smarttechlab.tuke.sk\\\/wordpress_stl\\\/index.php\\\/about-us\\\/\",\"url\":\"https:\\\/\\\/smarttechlab.tuke.sk\\\/wordpress_stl\\\/index.php\\\/about-us\\\/\",\"name\":\"SmartTechLab\",\"isPartOf\":{\"@id\":\"https:\\\/\\\/smarttechlab.tuke.sk\\\/wordpress_stl\\\/#website\"},\"datePublished\":\"2022-01-28T21:13:43+00:00\",\"dateModified\":\"2025-03-24T09:31:56+00:00\",\"breadcrumb\":{\"@id\":\"https:\\\/\\\/smarttechlab.tuke.sk\\\/wordpress_stl\\\/index.php\\\/about-us\\\/#breadcrumb\"},\"inLanguage\":\"en-US\",\"potentialAction\":[{\"@type\":\"ReadAction\",\"target\":[\"https:\\\/\\\/smarttechlab.tuke.sk\\\/wordpress_stl\\\/index.php\\\/about-us\\\/\"]}]},{\"@type\":\"BreadcrumbList\",\"@id\":\"https:\\\/\\\/smarttechlab.tuke.sk\\\/wordpress_stl\\\/index.php\\\/about-us\\\/#breadcrumb\",\"itemListElement\":[{\"@type\":\"ListItem\",\"position\":1,\"name\":\"Home\",\"item\":\"https:\\\/\\\/smarttechlab.tuke.sk\\\/wordpress_stl\\\/\"},{\"@type\":\"ListItem\",\"position\":2,\"name\":\"About Us\"}]},{\"@type\":\"WebSite\",\"@id\":\"https:\\\/\\\/smarttechlab.tuke.sk\\\/wordpress_stl\\\/#website\",\"url\":\"https:\\\/\\\/smarttechlab.tuke.sk\\\/wordpress_stl\\\/\",\"name\":\"SmartTechLab\",\"description\":\"SmartTechLab Industry4eduverse\",\"potentialAction\":[{\"@type\":\"SearchAction\",\"target\":{\"@type\":\"EntryPoint\",\"urlTemplate\":\"https:\\\/\\\/smarttechlab.tuke.sk\\\/wordpress_stl\\\/?s={search_term_string}\"},\"query-input\":{\"@type\":\"PropertyValueSpecification\",\"valueRequired\":true,\"valueName\":\"search_term_string\"}}],\"inLanguage\":\"en-US\"}]}<\/script>\n<!-- \/ Yoast SEO plugin. -->","yoast_head_json":{"title":"SmartTechLab","robots":{"index":"index","follow":"follow","max-snippet":"max-snippet:-1","max-image-preview":"max-image-preview:large","max-video-preview":"max-video-preview:-1"},"canonical":"https:\/\/smarttechlab.tuke.sk\/wordpress_stl\/index.php\/about-us\/","og_locale":"en_US","og_type":"article","og_title":"SmartTechLab","og_description":"SmartTechLab The Department of Industrial Engineering and Informatics built the laboratory in 2020. The laboratory is equipped with a Keyence camera system, two integrated robots (collaborative robot ABB Yumi and Scara Robot Mitsubishi), a modern digital microscope with interchangeable lenses and multiple sensors. All measuring systems are integrated into an automated belt line with PLC &hellip; Continue reading \"About Us\"","og_url":"https:\/\/smarttechlab.tuke.sk\/wordpress_stl\/index.php\/about-us\/","og_site_name":"SmartTechLab","article_modified_time":"2025-03-24T09:31:56+00:00","twitter_card":"summary_large_image","twitter_misc":{"Est. reading time":"2 minutes"},"schema":{"@context":"https:\/\/schema.org","@graph":[{"@type":"WebPage","@id":"https:\/\/smarttechlab.tuke.sk\/wordpress_stl\/index.php\/about-us\/","url":"https:\/\/smarttechlab.tuke.sk\/wordpress_stl\/index.php\/about-us\/","name":"SmartTechLab","isPartOf":{"@id":"https:\/\/smarttechlab.tuke.sk\/wordpress_stl\/#website"},"datePublished":"2022-01-28T21:13:43+00:00","dateModified":"2025-03-24T09:31:56+00:00","breadcrumb":{"@id":"https:\/\/smarttechlab.tuke.sk\/wordpress_stl\/index.php\/about-us\/#breadcrumb"},"inLanguage":"en-US","potentialAction":[{"@type":"ReadAction","target":["https:\/\/smarttechlab.tuke.sk\/wordpress_stl\/index.php\/about-us\/"]}]},{"@type":"BreadcrumbList","@id":"https:\/\/smarttechlab.tuke.sk\/wordpress_stl\/index.php\/about-us\/#breadcrumb","itemListElement":[{"@type":"ListItem","position":1,"name":"Home","item":"https:\/\/smarttechlab.tuke.sk\/wordpress_stl\/"},{"@type":"ListItem","position":2,"name":"About Us"}]},{"@type":"WebSite","@id":"https:\/\/smarttechlab.tuke.sk\/wordpress_stl\/#website","url":"https:\/\/smarttechlab.tuke.sk\/wordpress_stl\/","name":"SmartTechLab","description":"SmartTechLab Industry4eduverse","potentialAction":[{"@type":"SearchAction","target":{"@type":"EntryPoint","urlTemplate":"https:\/\/smarttechlab.tuke.sk\/wordpress_stl\/?s={search_term_string}"},"query-input":{"@type":"PropertyValueSpecification","valueRequired":true,"valueName":"search_term_string"}}],"inLanguage":"en-US"}]}},"jetpack-related-posts":[],"jetpack_sharing_enabled":true,"_links":{"self":[{"href":"https:\/\/smarttechlab.tuke.sk\/wordpress_stl\/index.php\/wp-json\/wp\/v2\/pages\/269","targetHints":{"allow":["GET"]}}],"collection":[{"href":"https:\/\/smarttechlab.tuke.sk\/wordpress_stl\/index.php\/wp-json\/wp\/v2\/pages"}],"about":[{"href":"https:\/\/smarttechlab.tuke.sk\/wordpress_stl\/index.php\/wp-json\/wp\/v2\/types\/page"}],"author":[{"embeddable":true,"href":"https:\/\/smarttechlab.tuke.sk\/wordpress_stl\/index.php\/wp-json\/wp\/v2\/users\/1"}],"replies":[{"embeddable":true,"href":"https:\/\/smarttechlab.tuke.sk\/wordpress_stl\/index.php\/wp-json\/wp\/v2\/comments?post=269"}],"version-history":[{"count":22,"href":"https:\/\/smarttechlab.tuke.sk\/wordpress_stl\/index.php\/wp-json\/wp\/v2\/pages\/269\/revisions"}],"predecessor-version":[{"id":657,"href":"https:\/\/smarttechlab.tuke.sk\/wordpress_stl\/index.php\/wp-json\/wp\/v2\/pages\/269\/revisions\/657"}],"wp:attachment":[{"href":"https:\/\/smarttechlab.tuke.sk\/wordpress_stl\/index.php\/wp-json\/wp\/v2\/media?parent=269"}],"curies":[{"name":"wp","href":"https:\/\/api.w.org\/{rel}","templated":true}]}}